{"id":816,"date":"2021-04-12T13:37:15","date_gmt":"2021-04-12T13:37:15","guid":{"rendered":"https:\/\/la-belle-ame.fr\/?page_id=816"},"modified":"2023-08-31T22:37:41","modified_gmt":"2023-08-31T20:37:41","slug":"contact","status":"publish","type":"page","link":"https:\/\/la-belle-ame.fr\/?page_id=816","title":{"rendered":"Contact"},"content":{"rendered":"\t\t<div data-elementor-type=\"wp-page\" data-elementor-id=\"816\" class=\"elementor elementor-816\">\n\t\t\t\t\t\t<section class=\"elementor-section elementor-top-section elementor-element elementor-element-f609929 elementor-section-boxed elementor-section-height-default elementor-section-height-default\" data-id=\"f609929\" data-element_type=\"section\" data-settings=\"{&quot;background_background&quot;:&quot;classic&quot;}\">\n\t\t\t\t\t\t<div class=\"elementor-container elementor-column-gap-no\">\n\t\t\t\t\t<div class=\"elementor-column elementor-col-100 elementor-top-column elementor-element elementor-element-f92d138\" data-id=\"f92d138\" data-element_type=\"column\">\n\t\t\t<div class=\"elementor-widget-wrap elementor-element-populated\">\n\t\t\t\t\t\t<div class=\"elementor-element elementor-element-52bcd0e elementor-widget elementor-widget-heading\" data-id=\"52bcd0e\" data-element_type=\"widget\" data-widget_type=\"heading.default\">\n\t\t\t\t<div class=\"elementor-widget-container\">\n\t\t\t<h1 class=\"elementor-heading-title elementor-size-default\">Contact<\/h1>\t\t<\/div>\n\t\t\t\t<\/div>\n\t\t\t\t\t<\/div>\n\t\t<\/div>\n\t\t\t\t\t<\/div>\n\t\t<\/section>\n\t\t\t\t<section class=\"elementor-section elementor-top-section elementor-element elementor-element-6845647 elementor-section-boxed elementor-section-height-default elementor-section-height-default\" data-id=\"6845647\" data-element_type=\"section\" data-settings=\"{&quot;background_background&quot;:&quot;classic&quot;}\">\n\t\t\t\t\t\t<div class=\"elementor-container elementor-column-gap-no\">\n\t\t\t\t\t<div class=\"elementor-column elementor-col-66 elementor-top-column elementor-element elementor-element-196d2a8\" data-id=\"196d2a8\" data-element_type=\"column\">\n\t\t\t<div class=\"elementor-widget-wrap elementor-element-populated\">\n\t\t\t\t\t\t<div class=\"elementor-element elementor-element-05bd85e elementor-widget__width-initial elementor-vertical-align-top elementor-widget elementor-widget-image-box\" data-id=\"05bd85e\" data-element_type=\"widget\" data-widget_type=\"image-box.default\">\n\t\t\t\t<div class=\"elementor-widget-container\">\n\t\t\t<div class=\"elementor-image-box-wrapper\"><div class=\"elementor-image-box-content\"><h1 class=\"elementor-image-box-title\">Pour toute information ou pour prendre rendez-vous n'h\u00e9sitez pas \u00e0 me contacter<\/h1><\/div><\/div>\t\t<\/div>\n\t\t\t\t<\/div>\n\t\t\t\t\t<\/div>\n\t\t<\/div>\n\t\t\t\t<div class=\"elementor-column elementor-col-33 elementor-top-column elementor-element elementor-element-53bf3ab\" data-id=\"53bf3ab\" data-element_type=\"column\">\n\t\t\t<div class=\"elementor-widget-wrap elementor-element-populated\">\n\t\t\t\t\t\t<div class=\"elementor-element elementor-element-f49c25c elementor-widget elementor-widget-wpforms\" data-id=\"f49c25c\" data-element_type=\"widget\" data-widget_type=\"wpforms.default\">\n\t\t\t\t<div class=\"elementor-widget-container\">\n\t\t\t<div class=\"wpforms-container \" id=\"wpforms-1983\"><form id=\"wpforms-form-1983\" class=\"wpforms-validate wpforms-form\" data-formid=\"1983\" method=\"post\" enctype=\"multipart\/form-data\" action=\"\/index.php?rest_route=%2Fwp%2Fv2%2Fpages%2F816\" data-token=\"eed4dbf826d792e1787ee50294086b6e\" data-token-time=\"1776425217\"><noscript class=\"wpforms-error-noscript\">Veuillez activer JavaScript dans votre navigateur pour remplir ce formulaire.<\/noscript><div class=\"wpforms-field-container\"><div id=\"wpforms-1983-field_0-container\" class=\"wpforms-field wpforms-field-name\" data-field-id=\"0\"><label class=\"wpforms-field-label wpforms-label-hide\" for=\"wpforms-1983-field_0\">Nom <span class=\"wpforms-required-label\">*<\/span><\/label><div class=\"wpforms-field-row wpforms-field-large\"><div class=\"wpforms-field-row-block wpforms-first wpforms-one-half\"><input type=\"text\" id=\"wpforms-1983-field_0\" class=\"wpforms-field-name-first wpforms-field-required\" name=\"wpforms[fields][0][first]\" placeholder=\"Nom\" required><label for=\"wpforms-1983-field_0\" class=\"wpforms-field-sublabel after wpforms-sublabel-hide\">Pr\u00e9nom<\/label><\/div><div class=\"wpforms-field-row-block wpforms-one-half\"><input type=\"text\" id=\"wpforms-1983-field_0-last\" class=\"wpforms-field-name-last wpforms-field-required\" name=\"wpforms[fields][0][last]\" placeholder=\"Pr\u00e9nom\" required><label for=\"wpforms-1983-field_0-last\" class=\"wpforms-field-sublabel after wpforms-sublabel-hide\">Nom<\/label><\/div><\/div><\/div><div id=\"wpforms-1983-field_1-container\" class=\"wpforms-field wpforms-field-email\" data-field-id=\"1\"><label class=\"wpforms-field-label wpforms-label-hide\" for=\"wpforms-1983-field_1\">Email <span class=\"wpforms-required-label\">*<\/span><\/label><input type=\"email\" id=\"wpforms-1983-field_1\" class=\"wpforms-field-large wpforms-field-required\" name=\"wpforms[fields][1]\" placeholder=\"Email\" spellcheck=\"false\" required><\/div><div id=\"wpforms-1983-field_2-container\" class=\"wpforms-field wpforms-field-textarea\" data-field-id=\"2\"><label class=\"wpforms-field-label wpforms-label-hide\" for=\"wpforms-1983-field_2\">Votre message <span class=\"wpforms-required-label\">*<\/span><\/label><textarea id=\"wpforms-1983-field_2\" class=\"wpforms-field-medium wpforms-field-required\" name=\"wpforms[fields][2]\" placeholder=\"Votre message....\" required><\/textarea><\/div><\/div><!-- .wpforms-field-container --><div class=\"wpforms-submit-container\" ><input type=\"hidden\" name=\"wpforms[id]\" value=\"1983\"><input type=\"hidden\" name=\"page_title\" value=\"\"><input type=\"hidden\" name=\"page_url\" value=\"https:\/\/la-belle-ame.fr\/index.php?rest_route=%2Fwp%2Fv2%2Fpages%2F816\"><button type=\"submit\" name=\"wpforms[submit]\" id=\"wpforms-submit-1983\" class=\"wpforms-submit\" data-alt-text=\"Envoi...\" data-submit-text=\"Envoyer votre message ! \" aria-live=\"assertive\" value=\"wpforms-submit\">Envoyer votre message ! <\/button><\/div><\/form><\/div>  <!-- .wpforms-container -->\t\t<\/div>\n\t\t\t\t<\/div>\n\t\t\t\t\t<\/div>\n\t\t<\/div>\n\t\t\t\t\t<\/div>\n\t\t<\/section>\n\t\t\t\t<section class=\"elementor-section elementor-top-section elementor-element elementor-element-00fd911 elementor-section-boxed elementor-section-height-default elementor-section-height-default\" data-id=\"00fd911\" data-element_type=\"section\">\n\t\t\t\t\t\t<div class=\"elementor-container elementor-column-gap-default\">\n\t\t\t\t\t<div class=\"elementor-column elementor-col-100 elementor-top-column elementor-element elementor-element-d2c4815\" data-id=\"d2c4815\" data-element_type=\"column\">\n\t\t\t<div class=\"elementor-widget-wrap elementor-element-populated\">\n\t\t\t\t\t\t<div class=\"elementor-element elementor-element-57ede1b elementor-widget elementor-widget-google_maps\" data-id=\"57ede1b\" data-element_type=\"widget\" data-widget_type=\"google_maps.default\">\n\t\t\t\t<div class=\"elementor-widget-container\">\n\t\t\t\t\t<div class=\"elementor-custom-embed\">\n\t\t\t<iframe loading=\"lazy\"\n\t\t\t\t\tsrc=\"https:\/\/maps.google.com\/maps?q=152%2C%20chemin%20du%20Quart%2C%2082000%20Montauban&#038;t=m&#038;z=12&#038;output=embed&#038;iwloc=near\"\n\t\t\t\t\ttitle=\"152, chemin du Quart, 82000 Montauban\"\n\t\t\t\t\taria-label=\"152, chemin du Quart, 82000 Montauban\"\n\t\t\t><\/iframe>\n\t\t<\/div>\n\t\t\t\t<\/div>\n\t\t\t\t<\/div>\n\t\t\t\t\t<\/div>\n\t\t<\/div>\n\t\t\t\t\t<\/div>\n\t\t<\/section>\n\t\t\t\t<\/div>\n\t\t","protected":false},"excerpt":{"rendered":"<p>Contact Pour toute information ou pour prendre rendez-vous n&rsquo;h\u00e9sitez pas \u00e0 me contacter<\/p>\n","protected":false},"author":1,"featured_media":0,"parent":0,"menu_order":0,"comment_status":"closed","ping_status":"closed","template":"","meta":{"site-sidebar-layout":"no-sidebar","site-content-layout":"page-builder","ast-site-content-layout":"","site-content-style":"default","site-sidebar-style":"default","ast-global-header-display":"","ast-banner-title-visibility":"","ast-main-header-display":"","ast-hfb-above-header-display":"","ast-hfb-below-header-display":"","ast-hfb-mobile-header-display":"","site-post-title":"disabled","ast-breadcrumbs-content":"","ast-featured-img":"disabled","footer-sml-layout":"","theme-transparent-header-meta":"enabled","adv-header-id-meta":"","stick-header-meta":"","header-above-stick-meta":"","header-main-stick-meta":"","header-below-stick-meta":"","astra-migrate-meta-layouts":"default","ast-page-background-enabled":"default","ast-page-background-meta":{"desktop":{"background-color":"","background-image":"","background-repeat":"repeat","background-position":"center center","background-size":"auto","background-attachment":"scroll","background-type":"","background-media":"","overlay-type":"","overlay-color":"","overlay-opacity":"","overlay-gradient":""},"tablet":{"background-color":"","background-image":"","background-repeat":"repeat","background-position":"center center","background-size":"auto","background-attachment":"scroll","background-type":"","background-media":"","overlay-type":"","overlay-color":"","overlay-opacity":"","overlay-gradient":""},"mobile":{"background-color":"","background-image":"","background-repeat":"repeat","background-position":"center center","background-size":"auto","background-attachment":"scroll","background-type":"","background-media":"","overlay-type":"","overlay-color":"","overlay-opacity":"","overlay-gradient":""}},"ast-content-background-meta":{"desktop":{"background-color":"var(--ast-global-color-5)","background-image":"","background-repeat":"repeat","background-position":"center center","background-size":"auto","background-attachment":"scroll","background-type":"","background-media":"","overlay-type":"","overlay-color":"","overlay-opacity":"","overlay-gradient":""},"tablet":{"background-color":"var(--ast-global-color-5)","background-image":"","background-repeat":"repeat","background-position":"center center","background-size":"auto","background-attachment":"scroll","background-type":"","background-media":"","overlay-type":"","overlay-color":"","overlay-opacity":"","overlay-gradient":""},"mobile":{"background-color":"var(--ast-global-color-5)","background-image":"","background-repeat":"repeat","background-position":"center center","background-size":"auto","background-attachment":"scroll","background-type":"","background-media":"","overlay-type":"","overlay-color":"","overlay-opacity":"","overlay-gradient":""}},"footnotes":""},"class_list":["post-816","page","type-page","status-publish","hentry"],"yoast_head":"<!-- This site is optimized with the Yoast SEO plugin v23.6 - https:\/\/yoast.com\/wordpress\/plugins\/seo\/ -->\n<title>Contact - La belle \u00c2me - Montauban<\/title>\n<meta name=\"robots\" content=\"index, follow, max-snippet:-1, max-image-preview:large, max-video-preview:-1\" \/>\n<link rel=\"canonical\" href=\"https:\/\/la-belle-ame.fr\/?page_id=816\" \/>\n<meta property=\"og:locale\" content=\"fr_FR\" \/>\n<meta property=\"og:type\" content=\"article\" \/>\n<meta property=\"og:title\" content=\"Contact - La belle \u00c2me - Montauban\" \/>\n<meta property=\"og:description\" content=\"Contact Pour toute information ou pour prendre rendez-vous n&rsquo;h\u00e9sitez pas \u00e0 me contacter\" \/>\n<meta property=\"og:url\" content=\"https:\/\/la-belle-ame.fr\/?page_id=816\" \/>\n<meta property=\"og:site_name\" content=\"La belle \u00c2me - Montauban\" \/>\n<meta property=\"article:modified_time\" content=\"2023-08-31T20:37:41+00:00\" \/>\n<meta property=\"og:image\" content=\"https:\/\/la-belle-ame.fr\/wp-content\/uploads\/2023\/07\/cropped-logo-modified-1-1.png\" \/>\n\t<meta property=\"og:image:width\" content=\"979\" \/>\n\t<meta property=\"og:image:height\" content=\"839\" \/>\n\t<meta property=\"og:image:type\" content=\"image\/png\" \/>\n<meta name=\"twitter:card\" content=\"summary_large_image\" \/>\n<meta name=\"twitter:label1\" content=\"Dur\u00e9e de lecture estim\u00e9e\" \/>\n\t<meta name=\"twitter:data1\" content=\"1 minute\" \/>\n<script type=\"application\/ld+json\" class=\"yoast-schema-graph\">{\"@context\":\"https:\/\/schema.org\",\"@graph\":[{\"@type\":\"WebPage\",\"@id\":\"https:\/\/la-belle-ame.fr\/?page_id=816\",\"url\":\"https:\/\/la-belle-ame.fr\/?page_id=816\",\"name\":\"Contact - La belle \u00c2me - Montauban\",\"isPartOf\":{\"@id\":\"https:\/\/la-belle-ame.fr\/#website\"},\"datePublished\":\"2021-04-12T13:37:15+00:00\",\"dateModified\":\"2023-08-31T20:37:41+00:00\",\"breadcrumb\":{\"@id\":\"https:\/\/la-belle-ame.fr\/?page_id=816#breadcrumb\"},\"inLanguage\":\"fr-FR\",\"potentialAction\":[{\"@type\":\"ReadAction\",\"target\":[\"https:\/\/la-belle-ame.fr\/?page_id=816\"]}]},{\"@type\":\"BreadcrumbList\",\"@id\":\"https:\/\/la-belle-ame.fr\/?page_id=816#breadcrumb\",\"itemListElement\":[{\"@type\":\"ListItem\",\"position\":1,\"name\":\"Accueil\",\"item\":\"https:\/\/la-belle-ame.fr\/\"},{\"@type\":\"ListItem\",\"position\":2,\"name\":\"Contact\"}]},{\"@type\":\"WebSite\",\"@id\":\"https:\/\/la-belle-ame.fr\/#website\",\"url\":\"https:\/\/la-belle-ame.fr\/\",\"name\":\"La belle \u00c2me - Montauban\",\"description\":\"\",\"publisher\":{\"@id\":\"https:\/\/la-belle-ame.fr\/#organization\"},\"potentialAction\":[{\"@type\":\"SearchAction\",\"target\":{\"@type\":\"EntryPoint\",\"urlTemplate\":\"https:\/\/la-belle-ame.fr\/?s={search_term_string}\"},\"query-input\":{\"@type\":\"PropertyValueSpecification\",\"valueRequired\":true,\"valueName\":\"search_term_string\"}}],\"inLanguage\":\"fr-FR\"},{\"@type\":\"Organization\",\"@id\":\"https:\/\/la-belle-ame.fr\/#organization\",\"name\":\"La belle \u00c2me\",\"url\":\"https:\/\/la-belle-ame.fr\/\",\"logo\":{\"@type\":\"ImageObject\",\"inLanguage\":\"fr-FR\",\"@id\":\"https:\/\/la-belle-ame.fr\/#\/schema\/logo\/image\/\",\"url\":\"https:\/\/la-belle-ame.fr\/wp-content\/uploads\/2023\/07\/cropped-cropped-cropped-logo-1.jpg\",\"contentUrl\":\"https:\/\/la-belle-ame.fr\/wp-content\/uploads\/2023\/07\/cropped-cropped-cropped-logo-1.jpg\",\"width\":512,\"height\":512,\"caption\":\"La belle \u00c2me\"},\"image\":{\"@id\":\"https:\/\/la-belle-ame.fr\/#\/schema\/logo\/image\/\"}}]}<\/script>\n<!-- \/ Yoast SEO plugin. -->","yoast_head_json":{"title":"Contact - La belle \u00c2me - Montauban","robots":{"index":"index","follow":"follow","max-snippet":"max-snippet:-1","max-image-preview":"max-image-preview:large","max-video-preview":"max-video-preview:-1"},"canonical":"https:\/\/la-belle-ame.fr\/?page_id=816","og_locale":"fr_FR","og_type":"article","og_title":"Contact - La belle \u00c2me - Montauban","og_description":"Contact Pour toute information ou pour prendre rendez-vous n&rsquo;h\u00e9sitez pas \u00e0 me contacter","og_url":"https:\/\/la-belle-ame.fr\/?page_id=816","og_site_name":"La belle \u00c2me - Montauban","article_modified_time":"2023-08-31T20:37:41+00:00","og_image":[{"width":979,"height":839,"url":"https:\/\/la-belle-ame.fr\/wp-content\/uploads\/2023\/07\/cropped-logo-modified-1-1.png","type":"image\/png"}],"twitter_card":"summary_large_image","twitter_misc":{"Dur\u00e9e de lecture estim\u00e9e":"1 minute"},"schema":{"@context":"https:\/\/schema.org","@graph":[{"@type":"WebPage","@id":"https:\/\/la-belle-ame.fr\/?page_id=816","url":"https:\/\/la-belle-ame.fr\/?page_id=816","name":"Contact - La belle \u00c2me - Montauban","isPartOf":{"@id":"https:\/\/la-belle-ame.fr\/#website"},"datePublished":"2021-04-12T13:37:15+00:00","dateModified":"2023-08-31T20:37:41+00:00","breadcrumb":{"@id":"https:\/\/la-belle-ame.fr\/?page_id=816#breadcrumb"},"inLanguage":"fr-FR","potentialAction":[{"@type":"ReadAction","target":["https:\/\/la-belle-ame.fr\/?page_id=816"]}]},{"@type":"BreadcrumbList","@id":"https:\/\/la-belle-ame.fr\/?page_id=816#breadcrumb","itemListElement":[{"@type":"ListItem","position":1,"name":"Accueil","item":"https:\/\/la-belle-ame.fr\/"},{"@type":"ListItem","position":2,"name":"Contact"}]},{"@type":"WebSite","@id":"https:\/\/la-belle-ame.fr\/#website","url":"https:\/\/la-belle-ame.fr\/","name":"La belle \u00c2me - Montauban","description":"","publisher":{"@id":"https:\/\/la-belle-ame.fr\/#organization"},"potentialAction":[{"@type":"SearchAction","target":{"@type":"EntryPoint","urlTemplate":"https:\/\/la-belle-ame.fr\/?s={search_term_string}"},"query-input":{"@type":"PropertyValueSpecification","valueRequired":true,"valueName":"search_term_string"}}],"inLanguage":"fr-FR"},{"@type":"Organization","@id":"https:\/\/la-belle-ame.fr\/#organization","name":"La belle \u00c2me","url":"https:\/\/la-belle-ame.fr\/","logo":{"@type":"ImageObject","inLanguage":"fr-FR","@id":"https:\/\/la-belle-ame.fr\/#\/schema\/logo\/image\/","url":"https:\/\/la-belle-ame.fr\/wp-content\/uploads\/2023\/07\/cropped-cropped-cropped-logo-1.jpg","contentUrl":"https:\/\/la-belle-ame.fr\/wp-content\/uploads\/2023\/07\/cropped-cropped-cropped-logo-1.jpg","width":512,"height":512,"caption":"La belle \u00c2me"},"image":{"@id":"https:\/\/la-belle-ame.fr\/#\/schema\/logo\/image\/"}}]}},"_links":{"self":[{"href":"https:\/\/la-belle-ame.fr\/index.php?rest_route=\/wp\/v2\/pages\/816","targetHints":{"allow":["GET"]}}],"collection":[{"href":"https:\/\/la-belle-ame.fr\/index.php?rest_route=\/wp\/v2\/pages"}],"about":[{"href":"https:\/\/la-belle-ame.fr\/index.php?rest_route=\/wp\/v2\/types\/page"}],"author":[{"embeddable":true,"href":"https:\/\/la-belle-ame.fr\/index.php?rest_route=\/wp\/v2\/users\/1"}],"replies":[{"embeddable":true,"href":"https:\/\/la-belle-ame.fr\/index.php?rest_route=%2Fwp%2Fv2%2Fcomments&post=816"}],"version-history":[{"count":28,"href":"https:\/\/la-belle-ame.fr\/index.php?rest_route=\/wp\/v2\/pages\/816\/revisions"}],"predecessor-version":[{"id":2225,"href":"https:\/\/la-belle-ame.fr\/index.php?rest_route=\/wp\/v2\/pages\/816\/revisions\/2225"}],"wp:attachment":[{"href":"https:\/\/la-belle-ame.fr\/index.php?rest_route=%2Fwp%2Fv2%2Fmedia&parent=816"}],"curies":[{"name":"wp","href":"https:\/\/api.w.org\/{rel}","templated":true}]}}